{"id":1927,"date":"2023-05-10T15:20:15","date_gmt":"2023-05-10T06:20:15","guid":{"rendered":"https:\/\/www.jca.apc.org\/no-g7-hiroshima\/?page_id=1927"},"modified":"2023-05-10T15:22:33","modified_gmt":"2023-05-10T06:22:33","slug":"message_attacfrance","status":"publish","type":"page","link":"https:\/\/www.jca.apc.org\/no-g7-hiroshima\/message_attacfrance\/","title":{"rendered":"ATTAC\u30d5\u30e9\u30f3\u30b9\u306fG7\uff11\u9031\u9593\u524d\u306e\uff15\u6708\uff11\uff13\u3001\uff11\uff14\u65e5\u306e\u884c\u52d5\u306b\u8d77\u3061\u4e0a\u304c\u3063\u305f\u65e5\u672c\u306e\u6d3b\u52d5\u5bb6\u30fb\u5e02\u6c11\u305f\u3061\u306b\u9023\u5e2f\u3057\u307e\u3059\uff01"},"content":{"rendered":"\n<p><a href=\"https:\/\/www.jca.apc.org\/no-g7-hiroshima\/message_attacfrance\/#jp\">\u65e5\u672c\u8a9e\u8a33<\/a><\/p>\n\n\n\n<p>ATTAC France est solidaire des militants et citoyens japonais qui manifestent \u00e0 Hiroshima les 13 et 14 mai, une semaine avant la tenue du G7&nbsp;!<\/p>\n\n\n\n<p>Le G7 est la r\u00e9union annuelle des chefs d&#8217;Etats et de gouvernements des pays occidentaux et du Japon qui entendent poursuivre leur domination mondiale.<\/p>\n\n\n\n<p>Le G7 \u2013 \u00e0 l&#8217;origine le G5 avec les Etats-Unis, la Grande-Bretagne, le Japon, l&#8217;Allemagne et la France, auxquels se sont ajout\u00e9s le Canada et l&#8217;Italie \u2013 a \u00e9t\u00e9 cr\u00e9\u00e9 au milieu des ann\u00e9es 1970 pour tenter d&#8217;\u00e9viter les crises financi\u00e8res et \u00e9conomiques. Il a \u00e9t\u00e9 ensuite, dans les ann\u00e9es 1980 et surtout 1990, un outil essentiel \u00e0 la mondialisation n\u00e9o-lib\u00e9rale qui s&#8217;est impos\u00e9e \u00e0 la plan\u00e8te enti\u00e8re.&nbsp;<\/p>\n\n\n\n<p>Non seulement le G7 n&#8217;a pas r\u00e9ussi \u00e0 emp\u00eacher les crises de 1998 (celles de monnaies asiatiques), de 2001 (celle des premi\u00e8res entreprises de l&#8217;internet) et surtout la grande crise bancaire et financi\u00e8re de 2007\/2008, mais les politiques qu&#8217;il a soutenues ont aggrav\u00e9 les in\u00e9galit\u00e9s et paup\u00e9ris\u00e9 les classes ouvri\u00e8res et les classes moyennes.<\/p>\n\n\n\n<p>Les pays du G7 sont \u00e9galement partie prenante d&#8217;un regain du militarisme. Alors que leurs d\u00e9penses militaires repr\u00e9sentent d\u00e9j\u00e0 plus de la moiti\u00e9 des d\u00e9penses militaires mondiales, les pays du G7 veulent les augmenter massivement.&nbsp;<\/p>\n\n\n\n<p>Les interventions ext\u00e9rieures des pays du G7 ont pourtant eu des effets d\u00e9sastreux. Au Moyen-Orient, l&#8217;invasion de l&#8217;Irak en 2003 par les Etats-Unis et la Grande-Bretagne a cr\u00e9\u00e9 un chaos qui a profit\u00e9 \u00e0 Daesh et entra\u00een\u00e9 des ann\u00e9es de guerre destructrice. Et le soutien total apport\u00e9 par les Etats-Unis \u00e0 Isra\u00ebl et \u00e0 l&#8217;Arabie Saoudite ont co\u00fbt\u00e9 un prix terrible pour les Palestiniens et les Y\u00e9m\u00e9nites.&nbsp;<\/p>\n\n\n\n<p>En Afrique, l&#8217;intervention fran\u00e7aise au Sahel a \u00e9galement aggrav\u00e9 la situation s\u00e9curitaire et abouti \u00e0 un d\u00e9sastre humanitaire pour les populations de la r\u00e9gion.<\/p>\n\n\n\n<p>Aujourd&#8217;hui c&#8217;est l&#8217;OTAN que les pays du G7 veulent renforcer, en augmentant les d\u00e9penses militaires des pays de l&#8217;alliance et renfor\u00e7ant la coop\u00e9ration militaire avec le Japon qui devrait, lui aussi, augmenter ses d\u00e9penses militaires. Si l&#8217;invasion de l&#8217;Ukraine par la Russie doit \u00eatre fermement condamn\u00e9e, et si la solidarit\u00e9 avec l&#8217;Ukraine doit se renforcer \u00e0 tous les niveaux, y compris militaires, cela ne justifie en rien le renforcement de l&#8217;OTAN ni m\u00eame son existence. L&#8217;OTAN avait \u00e9t\u00e9 cr\u00e9\u00e9e apr\u00e8s la 2\u00e8me guerre mondiale dans le cadre de la guerre froide entre l&#8217;Est et l&#8217;Ouest. La chute de l&#8217;Union Sovi\u00e9tique et la dissolution du Pacte de Varsovie entre l&#8217;URSS et les pays d&#8217;Europe de l&#8217;Est sous sa domination aurait d\u00fb aboutir \u00e0 la dissolution parall\u00e8le de l&#8217;OTAN.&nbsp;<\/p>\n\n\n\n<p>Face \u00e0 cette course au militarisme, il faut au contraire d\u00e9fendre une politique de d\u00e9sarmement, en commen\u00e7ant par le d\u00e9sarmement des armes nucl\u00e9aires qui menacent l&#8217;existence m\u00eame de l&#8217;humanit\u00e9, et travailler \u00e0 la mise en \u0153uvre d&#8217;un syst\u00e8me de s\u00e9curit\u00e9 collective bas\u00e9 sur la paix, le respect de la souverainet\u00e9 des diff\u00e9rents pays et la coop\u00e9ration pacifique entre ceux-ci.<\/p>\n\n\n\n<p>Pour toutes ces raisons, il est important de d\u00e9noncer les politiques du G7 et des pays qui le composent et de se mobiliser massivement.&nbsp;<\/p>\n\n\n\n<p>ATTAC France vous envoie donc toute son amiti\u00e9s aux manifestants de Hiroshima et leur assure toute sa solidarit\u00e9&nbsp;!<\/p>\n\n\n\n<hr class=\"wp-block-separator has-alpha-channel-opacity\"\/>\n\n\n\n<p id=\"jp\">ATTAC\u30d5\u30e9\u30f3\u30b9\u306fG7\uff11\u9031\u9593\u524d\u306e\uff15\u6708\uff11\uff13\u3001\uff11\uff14\u65e5\u306e\u884c\u52d5\u306b\u8d77\u3061\u4e0a\u304c\u3063\u305f\u65e5\u672c\u306e\u6d3b\u52d5\u5bb6\u30fb\u5e02\u6c11\u305f\u3061\u306b\u9023\u5e2f\u3057\u307e\u3059\uff01<\/p>\n\n\n\n<p>G7\u306f\u4e16\u754c\u652f\u914d\u306e\u7d99\u7d9a\u3092\u56f3\u308b\u897f\u6d0b\u8af8\u56fd\u3068\u65e5\u672c\u306e\u56fd\u5bb6\u6307\u5c0e\u8005\u305f\u3061\u304c\u6bce\u5e74\u958b\u50ac\u3059\u308b\u4f1a\u5408\u3067\u3059\u3002<\/p>\n\n\n\n<p>G7\u306f\u7c73\u3001\u82f1\u3001\u65e5\u3001\u72ec\u3001\u4ecf\u304b\u3089\u306a\u308bG5\u3067\u59cb\u307e\u308a\u3001\u306e\u3061\u306b\u30ab\u30ca\u30c0\u3068\u30a4\u30bf\u30ea\u30a2\u304c\u52a0\u308f\u308a\u307e\u3057\u305f\u3002\uff11\uff19\uff17\uff10\u5e74\u4ee3\u534a\u3070\u306b\u91d1\u878d\u5371\u6a5f\u3001\u7d4c\u6e08\u5371\u6a5f\u3092\u56de\u907f\u3059\u308b\u3053\u3068\u3092\u76ee\u7684\u306b\u7d50\u6210\u3055\u308c\u307e\u3057\u305f\u304c\u3001\uff11\uff19\uff18\uff10\u3001\uff19\uff10\u5e74\u4ee3\u306b\u306f\u30cd\u30aa\u30ea\u30d9\u30e9\u30ea\u30ba\u30e0\u306e\u30b0\u30ed\u30fc\u30d0\u30eb\u5316\u3092\u5730\u7403\u5168\u4f53\u306b\u62bc\u3057\u3064\u3051\u308b\u305f\u3081\u306e\u5fc5\u8981\u4e0d\u53ef\u6b20\u306a\u624b\u6bb5\u3068\u5316\u3057\u307e\u3057\u305f\u3002<\/p>\n\n\n\n<p>G7\u306f\uff11\uff19\uff19\uff18\u5e74\u306e\u30a2\u30b8\u30a2\u901a\u8ca8\u5371\u6a5f\u3001\uff12\uff10\uff10\uff11\u5e74\u306e\u6700\u521d\u306e\u30a4\u30f3\u30bf\u30fc\u30cd\u30c3\u30c8\u4f01\u696d\u306e\u5371\u6a5f\u3001\u3068\u308a\u308f\u3051\uff12\uff10\uff10\uff17\u3001\uff18\u5e74\u306e\u5de8\u5927\u306a\u9280\u884c\u30fb\u91d1\u878d\u5371\u6a5f\u3092\u9632\u3052\u306a\u304b\u3063\u305f\u3070\u304b\u308a\u3067\u306f\u3042\u308a\u307e\u305b\u3093\u3002G\uff17\u304c\u652f\u3048\u308b\u8af8\u3005\u306e\u653f\u7b56\u306b\u3088\u3063\u3066\u4e0d\u5e73\u7b49\u306f\u60aa\u5316\u306e\u4e00\u9014\u3092\u8fbf\u308a\u3001\u52b4\u50cd\u8005\u968e\u7d1a\u3001\u4e2d\u7523\u968e\u7d1a\u306e\u8ca7\u56f0\u5316\u304c\u751f\u3058\u305f\u306e\u3067\u3059\u3002<\/p>\n\n\n\n<p>G\uff17\u8af8\u56fd\u306f\u8ecd\u4e8b\u4e3b\u7fa9\u518d\u71c3\u306e\u5f53\u4e8b\u8005\u3067\u3082\u3042\u308a\u307e\u3059\u3002G\uff17\u8af8\u56fd\u306e\u8ecd\u4e8b\u652f\u51fa\u7dcf\u984d\u306f\u3059\u3067\u306b\u4e16\u754c\u306e\u8ecd\u4e8b\u652f\u51fa\u306e\u534a\u5206\u3092\u8d85\u3048\u3066\u3044\u307e\u3059\u304c\u3001\u3055\u3089\u306b\u5927\u5e45\u306b\u5897\u984d\u3055\u305b\u308b\u3053\u3068\u3092\u6b32\u3057\u3066\u3044\u307e\u3059\u3002<\/p>\n\n\n\n<p>G\uff17\u8af8\u56fd\u306e\u4ed6\u306e\u8af8\u56fd\u3078\u306e\u8ecd\u4e8b\u4ecb\u5165\u306f\u7834\u5c40\u7684\u306a\u7d50\u679c\u3092\u5f15\u304d\u8d77\u3053\u3057\u3066\u304d\u307e\u3057\u305f\u3002\u4e2d\u6771\u3067\u306f\u7c73\u82f1\u304c\uff12\uff10\uff10\uff13\u5e74\u306b\u30a4\u30e9\u30af\u3092\u4fb5\u7565\u3057\u3001\u30ab\u30aa\u30b9\u72b6\u614b\u3092\u751f\u307f\u51fa\u3057\u3066\u30a4\u30b9\u30e9\u30fc\u30e0\u56fd\u306e\u62e1\u5927\u3092\u52a9\u9577\u3057\u3001\u4f55\u5e74\u3082\u7d9a\u304f\u7834\u58ca\u7684\u306a\u6226\u4e89\u3092\u5f15\u304d\u8d77\u3053\u3057\u307e\u3057\u305f\u3002\u7c73\u56fd\u304c\u30a4\u30b9\u30e9\u30a8\u30eb\u3068\u30b5\u30a6\u30b8\u30a2\u30e9\u30d3\u30a2\u306b\u4e0e\u3048\u305f\u5168\u9762\u7684\u306a\u652f\u6301\u306b\u3088\u3063\u3066\u3001\u30d1\u30ec\u30b9\u30c1\u30ca\u4eba\u3068\u30a4\u30a8\u30e1\u30f3\u4eba\u306f\u6050\u308b\u3079\u304d\u72a0\u7272\u3092\u6255\u308f\u305b\u3089\u308c\u3066\u304d\u307e\u3057\u305f\u3002<\/p>\n\n\n\n<p>\u30a2\u30d5\u30ea\u30ab\u3067\u306f\u30d5\u30e9\u30f3\u30b9\u306e\u30b5\u30d8\u30eb\u5730\u57df\uff08\u30b5\u30cf\u30e9\u7802\u6f20\u5357\u7aef\u3001\u897f\u30a2\u30d5\u30ea\u30ab\u8af8\u56fd\uff09\u3078\u306e\u4ecb\u5165\u304c\u5b89\u5168\u4fdd\u969c\u4e0a\u306e\u72b6\u6cc1\u3092\u60aa\u5316\u3055\u305b\u3001\u5730\u57df\u306e\u6c11\u8846\u751f\u6d3b\u306f\u4eba\u9053\u4e0a\u306e\u707d\u5384\u306b\u9665\u308a\u307e\u3057\u305f\u3002<\/p>\n\n\n\n<p>\u4eca\u65e5\u3001G\uff17\u304c\u5f37\u5316\u3057\u3088\u3046\u3068\u3057\u3066\u3044\u308b\u306e\u306f\u5317\u5927\u897f\u6d0b\u6761\u7d04\u6a5f\u69cb\uff08NATO\uff09\u3067\u3059\u3002\u540c\u76df\u8af8\u56fd\u306e\u8ecd\u4e8b\u652f\u51fa\u3092\u5897\u984d\u3057\u3001\u65e5\u672c\u3068\u306e\u8ecd\u4e8b\u5354\u529b\u3092\u5f37\u5316\u3057\u3088\u3046\u3068\u3057\u3066\u3044\u307e\u3059\u3002\u65e5\u672c\u3082\u3053\u306e\u307e\u307e\u3067\u306f\u8ecd\u4e8b\u652f\u51fa\u3092\u5897\u984d\u3059\u308b\u3053\u3068\u306b\u306a\u308b\u3067\u3057\u3087\u3046\u3002\u30ed\u30b7\u30a2\u306b\u3088\u308b\u30a6\u30af\u30e9\u30a4\u30ca\u4fb5\u7565\u306f\u65ad\u56fa\u3068\u3057\u3066\u5f3e\u52be\u3055\u308c\u306a\u3051\u308c\u3070\u306a\u308a\u307e\u305b\u3093\u3002\u30a6\u30af\u30e9\u30a4\u30ca\u3068\u306e\u9023\u5e2f\u306f\u8ecd\u4e8b\u9762\u3092\u542b\u3081\u3066\u3042\u3089\u3086\u308b\u30ec\u30d9\u30eb\u3067\u5f37\u5316\u3055\u308c\u308b\u3079\u304d\u3067\u3059\u304c\u3001\u305d\u308c\u306fNATO\u306e\u5f37\u5316\u3082\u3001NATO\u304c\u5b58\u5728\u3059\u308b\u3053\u3068\u3082\u3001\u306a\u3093\u3089\u6b63\u5f53\u5316\u3059\u308b\u3082\u306e\u3067\u306f\u3042\u308a\u307e\u305b\u3093\u3002NATO\u306f\u7b2c\u4e8c\u6b21\u5927\u6226\u5f8c\u3001\u6771\u897f\u51b7\u6226\u306e\u67a0\u7d44\u306e\u306a\u304b\u3067\u5275\u8a2d\u3055\u308c\u307e\u3057\u305f\u3002\u30bd\u9023\u306e\u5d29\u58ca\u3068\u3001\u30bd\u9023\u3068\u305d\u306e\u652f\u914d\u4e0b\u306b\u3042\u3063\u305f\u6771\u6b27\u8af8\u56fd\u306e\u3042\u3044\u3060\u306b\u7d50\u3070\u308c\u3066\u3044\u305f\u30ef\u30eb\u30b7\u30e3\u30ef\u6761\u7d04\u6a5f\u69cb\u306e\u89e3\u6d88\u3068\u3068\u3082\u306b\u3001NATO\u3082\u89e3\u6d88\u3055\u308c\u308b\u3079\u304d\u3060\u3063\u305f\u306e\u3067\u3059\u3002<\/p>\n\n\n\n<p>\u3053\u306e\u8ecd\u62e1\u7af6\u4e89\u306b\u5bfe\u3057\u3066\u306f\u9006\u306b\u3001\u8ecd\u7e2e\u653f\u7b56\u3092\u64c1\u8b77\u3057\u306a\u3051\u308c\u3070\u306a\u308a\u307e\u305b\u3093\u3002\u305d\u3057\u3066\u307e\u305a\u3001\u4eba\u985e\u306e\u5b58\u7acb\u81ea\u4f53\u3092\u8105\u304b\u3059\u6838\u5175\u5668\u3092\u64a4\u5ec3\u3059\u3079\u304d\u3067\u3059\u3002\u305d\u3057\u3066\u5e73\u548c\u3001\u591a\u69d8\u306a\u56fd\u3005\u306e\u3042\u3044\u3060\u306e\u4e3b\u6a29\u5c0a\u91cd\u3068\u5e73\u548c\u7684\u5354\u529b\u306b\u57fa\u790e\u3092\u7f6e\u3044\u305f\u3001\u96c6\u56e3\u7684\u5b89\u5168\u4fdd\u969c\u30b7\u30b9\u30c6\u30e0\u306e\u78ba\u7acb\u306e\u305f\u3081\u306b\u52aa\u529b\u3057\u306a\u3051\u308c\u3070\u306a\u308a\u307e\u305b\u3093\u3002<\/p>\n\n\n\n<p>\u4ee5\u4e0a\u3059\u3079\u3066\u306e\u7406\u7531\u304b\u3089\u3001G\uff17\u3068\u305d\u308c\u3092\u69cb\u6210\u3059\u308b\u56fd\u3005\u306e\u653f\u7b56\u3092\u544a\u767a\u3057\u3001\u5927\u8846\u7684\u306a\u884c\u52d5\u3092\u8d77\u3053\u3059\u3053\u3068\u306f\u91cd\u8981\u3067\u3059\u3002<\/p>\n\n\n\n<p>ATTAC\u30d5\u30e9\u30f3\u30b9\u306f\u305d\u308c\u3086\u3048\u3001\u5e83\u5cf6\u306e\u53cdG\uff17\u884c\u52d5\u306b\u7acb\u3061\u4e0a\u304c\u3063\u305f\u307f\u306a\u3055\u3093\u306b\u3001\u6e80\u8154\u306e\u53cb\u60c5\u3068\u9023\u5e2f\u3092\u9001\u308a\u307e\u3059!<\/p>\n","protected":false},"excerpt":{"rendered":"<p>\u65e5\u672c\u8a9e\u8a33 ATTAC France est  [&hellip;]<\/p>\n","protected":false},"author":2,"featured_media":0,"parent":0,"menu_order":0,"comment_status":"closed","ping_status":"closed","template":"","meta":{"_locale":"ja","_original_post":"https:\/\/www.jca.apc.org\/no-g7-hiroshima\/?page_id=1927","footnotes":""},"class_list":["post-1927","page","type-page","status-publish","hentry","ja"],"_links":{"self":[{"href":"https:\/\/www.jca.apc.org\/no-g7-hiroshima\/wp-json\/wp\/v2\/pages\/1927","targetHints":{"allow":["GET"]}}],"collection":[{"href":"https:\/\/www.jca.apc.org\/no-g7-hiroshima\/wp-json\/wp\/v2\/pages"}],"about":[{"href":"https:\/\/www.jca.apc.org\/no-g7-hiroshima\/wp-json\/wp\/v2\/types\/page"}],"author":[{"embeddable":true,"href":"https:\/\/www.jca.apc.org\/no-g7-hiroshima\/wp-json\/wp\/v2\/users\/2"}],"replies":[{"embeddable":true,"href":"https:\/\/www.jca.apc.org\/no-g7-hiroshima\/wp-json\/wp\/v2\/comments?post=1927"}],"version-history":[{"count":4,"href":"https:\/\/www.jca.apc.org\/no-g7-hiroshima\/wp-json\/wp\/v2\/pages\/1927\/revisions"}],"predecessor-version":[{"id":1931,"href":"https:\/\/www.jca.apc.org\/no-g7-hiroshima\/wp-json\/wp\/v2\/pages\/1927\/revisions\/1931"}],"wp:attachment":[{"href":"https:\/\/www.jca.apc.org\/no-g7-hiroshima\/wp-json\/wp\/v2\/media?parent=1927"}],"curies":[{"name":"wp","href":"https:\/\/api.w.org\/{rel}","templated":true}]}}